{"id":13871,"date":"2024-05-02T13:34:42","date_gmt":"2024-05-02T11:34:42","guid":{"rendered":"https:\/\/www.cansastre.com\/kontakt\/"},"modified":"2026-03-23T12:36:12","modified_gmt":"2026-03-23T11:36:12","slug":"kontakt","status":"publish","type":"page","link":"https:\/\/www.cansastre.com\/de\/kontakt\/","title":{"rendered":"Kontakt"},"content":{"rendered":"<div class=\"wpb-content-wrapper\"><p>[vc_row full_width=&#8220;stretch_row_content&#8220; el_class=&#8220;in-grid&#8220;][vc_column]\t<div class='custom_intro_text no-title'>\n\t\t\t\t<p>\n\t\t\tWir freuen uns darauf, Sie in unserem charmanten, kleinen Hotel im bezaubernden Ibiza begr\u00fc\u00dfen zu d\u00fcrfen! Gerne helfen wir Ihnen, Ihren Aufenthalt so angenehm wie m\u00f6glich zu gestalten. F\u00fcr Flughafenangebote, Tischreservierungen zum Mittag- oder Abendessen, Mietwagen oder Inselaktivit\u00e4ten kontaktieren Sie uns einfach. Wir k\u00fcmmern uns mit viel Engagement um Sie!\t\t<\/p>\n\t<\/div>\n\t[\/vc_column][\/vc_row][vc_row full_width=&#8220;stretch_row_content&#8220; el_class=&#8220;in-grid&#8220;][vc_column width=&#8220;5\/12&#8243; el_class=&#8220;column-padding&#8220;][vc_column_text]<\/p>\n<h2>Reservieren<\/h2>\n<p>&nbsp;<\/p>\n<p>Pr\u00fcfen Sie die Verf\u00fcgbarkeit Ihrer Wunschunterkunft und buchen Sie Ihren Aufenthalt gleich jetzt \u00fcber den Button unten.<\/p>\n<p>Ist die Unterkunft nicht mehr verf\u00fcgbar? Dann schreiben Sie uns eine Nachricht. Wir finden gemeinsam mit Ihnen die passende L\u00f6sung.[\/vc_column_text][vc_empty_space height=&#8220;40px&#8220;]\n\t\t\n\t\t<a class=\"custom_button custom_button--gold  \" href=\"https:\/\/direct-book.com\/properties\/hotelcansastredirect\" target=\" _blank\">\n\t\t\t\t\t\t\t<svg version=\"1.1\" xmlns=\"http:\/\/www.w3.org\/2000\/svg\" xmlns:xlink=\"http:\/\/www.w3.org\/1999\/xlink\" x=\"0px\" y=\"0px\"\n\t\t\t\t\t viewBox=\"0 0 187.4 180.2\" style=\"enable-background:new 0 0 187.4 180.2;\" xml:space=\"preserve\">\n\t\t\t\t<g>\n\t\t\t\t\t<g>\n\t\t\t\t\t\t<defs>\n\t\t\t\t\t\t\t<path id=\"SVGID_1_4nvUuiDSKK7E\" d=\"M82.5,165.4c-1.5,0-3.1,0-4.6-0.1c-20.6-1.1-39.1-9.3-49.5-22C12.5,123.7,2.6,101.6,0.5,81\n\t\t\t\t\t\t\t\tc-2.4-22.9,4.7-43.4,20.4-59.1C38.1,4.6,60.1,3.1,81.1,2.9c20.4-0.1,43.6,1.2,60.6,18.2c33.1,33.1,32.8,87.3-0.8,120.9l-0.4-0.4\n\t\t\t\t\t\t\t\tl0.4,0.4C125.9,157,104.8,165.4,82.5,165.4z M83.5,4.2c-0.8,0-1.6,0-2.4,0C60.4,4.3,38.6,5.8,21.7,22.8\n\t\t\t\t\t\t\t\tC6.3,38.2-0.7,58.3,1.7,80.9c2.1,20.4,12,42.3,27.7,61.6C39.5,154.9,57.6,163,77.9,164c23.7,1.2,46.4-7.1,62.1-22.9l0,0\n\t\t\t\t\t\t\t\tc33.1-33.1,33.4-86.5,0.8-119.1C124.8,6,103.1,4.2,83.5,4.2z\"\/>\n\t\t\t\t\t\t<\/defs>\n\t\t\t\t\t\t<use xlink:href=\"#SVGID_1_4nvUuiDSKK7E\"  style=\"overflow:visible;fill:#C5AD95;\"\/>\n\t\t\t\t\t\t<clipPath id=\"SVGID_2_4nvUuiDSKK7E\">\n\t\t\t\t\t\t\t<use xlink:href=\"#SVGID_1_4nvUuiDSKK7E\"  style=\"overflow:visible;\"\/>\n\t\t\t\t\t\t<\/clipPath>\n\t\t\t\t\t<\/g>\n\t\t\t\t\t<g>\n\t\t\t\t\t\t<defs>\n\t\t\t\t\t\t\t<path id=\"SVGID_3_4nvUuiDSKK7E\" d=\"M92.6,156.6c-17.4,0-32.9-6.4-45-18.9c-15-15.4-16.2-34.8-16-53.4c0.1-18,1.5-38.5,16.8-53.4\n\t\t\t\t\t\t\t\tc29.6-29,77.5-28.2,106.8,1.7l0,0c13.9,14.3,21.2,34.6,19.9,55.8c-1.1,18.3-8.6,34.6-20,43.7c-17.4,13.8-37.1,22.4-55.3,24.2\n\t\t\t\t\t\t\t\tC97.2,156.4,94.9,156.6,92.6,156.6z M100.6,10.9c-18.6,0-37.2,6.9-51.5,20.9C34.2,46.3,32.8,66.5,32.7,84.3\n\t\t\t\t\t\t\t\tc-0.1,18.3,1,37.5,15.7,52.5c13.5,13.8,31.1,20.1,51,18.2c18-1.7,37.4-10.2,54.7-23.9c11.1-8.9,18.5-24.9,19.6-42.8\n\t\t\t\t\t\t\t\tc1.3-20.8-5.8-40.8-19.5-54.8C139.5,18.4,120,10.9,100.6,10.9z\"\/>\n\t\t\t\t\t\t<\/defs>\n\t\t\t\t\t\t<use xlink:href=\"#SVGID_3_4nvUuiDSKK7E\"  style=\"overflow:visible;fill:#C5AD95;\"\/>\n\t\t\t\t\t\t<clipPath id=\"SVGID_4_4nvUuiDSKK7E\">\n\t\t\t\t\t\t\t<use xlink:href=\"#SVGID_3_4nvUuiDSKK7E\"  style=\"overflow:visible;\"\/>\n\t\t\t\t\t\t<\/clipPath>\n\t\t\t\t\t<\/g>\n\t\t\t\t\t<g>\n\t\t\t\t\t\t<defs>\n\t\t\t\t\t\t\t<path id=\"SVGID_5_4nvUuiDSKK7E\" d=\"M85.8,180.2c-14,0-27.1-4.1-38.7-12.3c-20.3-14.2-25-36.9-28.2-58.9c-3-21.3-5-45.9,10.2-67.6\n\t\t\t\t\t\t\t\tc29.5-42.2,85.6-54.1,125-26.5l0,0c17.9,12.5,29.5,32.7,32.6,56.7c3,23.4-2.7,46.2-15.3,61c-17.9,21-39.3,36.4-60.3,43.4\n\t\t\t\t\t\t\t\tC102.4,178.7,93.9,180.2,85.8,180.2z M106.3,1.2C77.6,1.2,48.6,15.6,30,42.1c-14.9,21.3-13,45.6-10,66.7\n\t\t\t\t\t\t\t\tc3.1,21.8,7.8,44.2,27.6,58.1c18.2,12.7,39.9,15.4,62.9,7.9c20.8-6.9,42-22.1,59.8-43c12.2-14.3,17.9-37.3,15-60\n\t\t\t\t\t\t\t\tc-3-23.7-14.4-43.5-32.1-55.9l0,0C139.2,6,122.8,1.2,106.3,1.2z\"\/>\n\t\t\t\t\t\t<\/defs>\n\t\t\t\t\t\t<use xlink:href=\"#SVGID_5_4nvUuiDSKK7E\"  style=\"overflow:visible;fill:#C5AD95;\"\/>\n\t\t\t\t\t\t<clipPath id=\"SVGID_6_4nvUuiDSKK7E\">\n\t\t\t\t\t\t\t<use xlink:href=\"#SVGID_5_4nvUuiDSKK7E\"  style=\"overflow:visible;\"\/>\n\t\t\t\t\t\t<\/clipPath>\n\t\t\t\t\t<\/g>\n\t\t\t\t<\/g>\n\t\t\t\t<\/svg>\n\t\t\t\n\t\t\t\tReservieren\t\t\t\t\n\t\t\t\t\t\t<\/a>\n\n\t\t\t[vc_empty_space height=&#8220;50px&#8220;][\/vc_column][vc_column width=&#8220;7\/12&#8243; el_class=&#8220;column-padding contact-form&#8220;][vc_column_text]<\/p>\n<h2>Senden Sie uns eine Nachricht!<\/h2>\n<p>Bei Fragen oder f\u00fcr weitere Informationen k\u00f6nnen Sie sich gerne an uns wenden. Wir antworten innerhalb von 24 Stunden.[\/vc_column_text]\n<div class=\"wpcf7 no-js\" id=\"wpcf7-f8-o1\" lang=\"en-US\" dir=\"ltr\" data-wpcf7-id=\"8\">\n<div class=\"screen-reader-response\"><p role=\"status\" aria-live=\"polite\" aria-atomic=\"true\"><\/p> <ul><\/ul><\/div>\n<form action=\"\/de\/wp-json\/wp\/v2\/pages\/13871#wpcf7-f8-o1\" method=\"post\" class=\"wpcf7-form init\" aria-label=\"Contact form\" novalidate=\"novalidate\" data-status=\"init\">\n<fieldset class=\"hidden-fields-container\"><input type=\"hidden\" name=\"_wpcf7\" value=\"8\" \/><input type=\"hidden\" name=\"_wpcf7_version\" value=\"6.1.5\" \/><input type=\"hidden\" name=\"_wpcf7_locale\" value=\"en_US\" \/><input type=\"hidden\" name=\"_wpcf7_unit_tag\" value=\"wpcf7-f8-o1\" \/><input type=\"hidden\" name=\"_wpcf7_container_post\" value=\"0\" \/><input type=\"hidden\" name=\"_wpcf7_posted_data_hash\" value=\"\" \/><input type=\"hidden\" name=\"_wpcf7_recaptcha_response\" value=\"\" \/>\n<\/fieldset>\n<p><span class=\"wpcf7-form-control-wrap\" data-name=\"your-name\"><input size=\"40\" maxlength=\"400\" class=\"wpcf7-form-control wpcf7-text wpcf7-validates-as-required\" aria-required=\"true\" aria-invalid=\"false\" placeholder=\"Name\" value=\"\" type=\"text\" name=\"your-name\" \/><\/span><br \/>\n<span class=\"wpcf7-form-control-wrap\" data-name=\"email\"><input size=\"40\" maxlength=\"400\" class=\"wpcf7-form-control wpcf7-email wpcf7-validates-as-required wpcf7-text wpcf7-validates-as-email\" aria-required=\"true\" aria-invalid=\"false\" placeholder=\"E-mail\" value=\"\" type=\"email\" name=\"email\" \/><\/span><br \/>\n<span class=\"wpcf7-form-control-wrap\" data-name=\"tel\"><input size=\"40\" maxlength=\"400\" class=\"wpcf7-form-control wpcf7-tel wpcf7-validates-as-required wpcf7-text wpcf7-validates-as-tel\" aria-required=\"true\" aria-invalid=\"false\" placeholder=\"Phone No\" value=\"\" type=\"tel\" name=\"tel\" \/><\/span><br \/>\n<span class=\"wpcf7-form-control-wrap\" data-name=\"message\"><textarea cols=\"40\" rows=\"10\" maxlength=\"2000\" class=\"wpcf7-form-control wpcf7-textarea wpcf7-validates-as-required\" aria-required=\"true\" aria-invalid=\"false\" placeholder=\"Write your message here\" name=\"message\"><\/textarea><\/span>\n<\/p>\n<P STYLE=\"font-size: 8pt; line-height:180%\">This site is protected by reCAPTCHA and the Google <a href=\"https:\/\/policies.google.com\/privacy\">Privacy Policy<\/a> and <a href=\"https:\/\/policies.google.com\/terms\">Terms of Service<\/a> apply.\n<\/p>\n<p><span class=\"wpcf7-form-control-wrap\" data-name=\"acceptance-656\"><span class=\"wpcf7-form-control wpcf7-acceptance\"><span class=\"wpcf7-list-item\"><label><input type=\"checkbox\" name=\"acceptance-656\" value=\"1\" aria-invalid=\"false\" \/><span class=\"wpcf7-list-item-label\">I agree with the privacy policy<\/span><\/label><\/span><\/span><\/span>\n<\/p><input type='hidden' class='wpcf7-pum' value='{\"closepopup\":false,\"closedelay\":0,\"openpopup\":false,\"openpopup_id\":0}' \/><div class=\"wpcf7-response-output\" aria-hidden=\"true\"><\/div>\n<\/form>\n<\/div>\n\n\t\t\n\t\t<a class=\"custom_button custom_button--gold  \" href=\"javascript:{}\" >\n\t\t\t\t\t\t\t<svg version=\"1.1\" xmlns=\"http:\/\/www.w3.org\/2000\/svg\" xmlns:xlink=\"http:\/\/www.w3.org\/1999\/xlink\" x=\"0px\" y=\"0px\"\n\t\t\t\t\t viewBox=\"0 0 187.4 180.2\" style=\"enable-background:new 0 0 187.4 180.2;\" xml:space=\"preserve\">\n\t\t\t\t<g>\n\t\t\t\t\t<g>\n\t\t\t\t\t\t<defs>\n\t\t\t\t\t\t\t<path id=\"SVGID_1_NcWq5IHgUnxs\" d=\"M82.5,165.4c-1.5,0-3.1,0-4.6-0.1c-20.6-1.1-39.1-9.3-49.5-22C12.5,123.7,2.6,101.6,0.5,81\n\t\t\t\t\t\t\t\tc-2.4-22.9,4.7-43.4,20.4-59.1C38.1,4.6,60.1,3.1,81.1,2.9c20.4-0.1,43.6,1.2,60.6,18.2c33.1,33.1,32.8,87.3-0.8,120.9l-0.4-0.4\n\t\t\t\t\t\t\t\tl0.4,0.4C125.9,157,104.8,165.4,82.5,165.4z M83.5,4.2c-0.8,0-1.6,0-2.4,0C60.4,4.3,38.6,5.8,21.7,22.8\n\t\t\t\t\t\t\t\tC6.3,38.2-0.7,58.3,1.7,80.9c2.1,20.4,12,42.3,27.7,61.6C39.5,154.9,57.6,163,77.9,164c23.7,1.2,46.4-7.1,62.1-22.9l0,0\n\t\t\t\t\t\t\t\tc33.1-33.1,33.4-86.5,0.8-119.1C124.8,6,103.1,4.2,83.5,4.2z\"\/>\n\t\t\t\t\t\t<\/defs>\n\t\t\t\t\t\t<use xlink:href=\"#SVGID_1_NcWq5IHgUnxs\"  style=\"overflow:visible;fill:#C5AD95;\"\/>\n\t\t\t\t\t\t<clipPath id=\"SVGID_2_NcWq5IHgUnxs\">\n\t\t\t\t\t\t\t<use xlink:href=\"#SVGID_1_NcWq5IHgUnxs\"  style=\"overflow:visible;\"\/>\n\t\t\t\t\t\t<\/clipPath>\n\t\t\t\t\t<\/g>\n\t\t\t\t\t<g>\n\t\t\t\t\t\t<defs>\n\t\t\t\t\t\t\t<path id=\"SVGID_3_NcWq5IHgUnxs\" d=\"M92.6,156.6c-17.4,0-32.9-6.4-45-18.9c-15-15.4-16.2-34.8-16-53.4c0.1-18,1.5-38.5,16.8-53.4\n\t\t\t\t\t\t\t\tc29.6-29,77.5-28.2,106.8,1.7l0,0c13.9,14.3,21.2,34.6,19.9,55.8c-1.1,18.3-8.6,34.6-20,43.7c-17.4,13.8-37.1,22.4-55.3,24.2\n\t\t\t\t\t\t\t\tC97.2,156.4,94.9,156.6,92.6,156.6z M100.6,10.9c-18.6,0-37.2,6.9-51.5,20.9C34.2,46.3,32.8,66.5,32.7,84.3\n\t\t\t\t\t\t\t\tc-0.1,18.3,1,37.5,15.7,52.5c13.5,13.8,31.1,20.1,51,18.2c18-1.7,37.4-10.2,54.7-23.9c11.1-8.9,18.5-24.9,19.6-42.8\n\t\t\t\t\t\t\t\tc1.3-20.8-5.8-40.8-19.5-54.8C139.5,18.4,120,10.9,100.6,10.9z\"\/>\n\t\t\t\t\t\t<\/defs>\n\t\t\t\t\t\t<use xlink:href=\"#SVGID_3_NcWq5IHgUnxs\"  style=\"overflow:visible;fill:#C5AD95;\"\/>\n\t\t\t\t\t\t<clipPath id=\"SVGID_4_NcWq5IHgUnxs\">\n\t\t\t\t\t\t\t<use xlink:href=\"#SVGID_3_NcWq5IHgUnxs\"  style=\"overflow:visible;\"\/>\n\t\t\t\t\t\t<\/clipPath>\n\t\t\t\t\t<\/g>\n\t\t\t\t\t<g>\n\t\t\t\t\t\t<defs>\n\t\t\t\t\t\t\t<path id=\"SVGID_5_NcWq5IHgUnxs\" d=\"M85.8,180.2c-14,0-27.1-4.1-38.7-12.3c-20.3-14.2-25-36.9-28.2-58.9c-3-21.3-5-45.9,10.2-67.6\n\t\t\t\t\t\t\t\tc29.5-42.2,85.6-54.1,125-26.5l0,0c17.9,12.5,29.5,32.7,32.6,56.7c3,23.4-2.7,46.2-15.3,61c-17.9,21-39.3,36.4-60.3,43.4\n\t\t\t\t\t\t\t\tC102.4,178.7,93.9,180.2,85.8,180.2z M106.3,1.2C77.6,1.2,48.6,15.6,30,42.1c-14.9,21.3-13,45.6-10,66.7\n\t\t\t\t\t\t\t\tc3.1,21.8,7.8,44.2,27.6,58.1c18.2,12.7,39.9,15.4,62.9,7.9c20.8-6.9,42-22.1,59.8-43c12.2-14.3,17.9-37.3,15-60\n\t\t\t\t\t\t\t\tc-3-23.7-14.4-43.5-32.1-55.9l0,0C139.2,6,122.8,1.2,106.3,1.2z\"\/>\n\t\t\t\t\t\t<\/defs>\n\t\t\t\t\t\t<use xlink:href=\"#SVGID_5_NcWq5IHgUnxs\"  style=\"overflow:visible;fill:#C5AD95;\"\/>\n\t\t\t\t\t\t<clipPath id=\"SVGID_6_NcWq5IHgUnxs\">\n\t\t\t\t\t\t\t<use xlink:href=\"#SVGID_5_NcWq5IHgUnxs\"  style=\"overflow:visible;\"\/>\n\t\t\t\t\t\t<\/clipPath>\n\t\t\t\t\t<\/g>\n\t\t\t\t<\/g>\n\t\t\t\t<\/svg>\n\t\t\t\n\t\t\t\tEinsenden\t\t\t\t\n\t\t\t\t\t\t<\/a>\n\n\t\t\t[\/vc_column][\/vc_row][vc_row full_width=&#8220;stretch_row_content_no_spaces&#8220; equal_height=&#8220;yes&#8220; content_placement=&#8220;middle&#8220; css=&#8220;.vc_custom_1547110917383{margin-top: 50px !important;}&#8220;][vc_column width=&#8220;1\/2&#8243; css=&#8220;.vc_custom_1541582948498{padding-top: 0px !important;padding-right: 0px !important;padding-bottom: 0px !important;padding-left: 0px !important;}&#8220;][vc_gmaps link=&#8220;#E-8_JTNDaWZyYW1lJTIwc3JjJTNEJTIyaHR0cHMlM0ElMkYlMkZzbmF6enltYXBzLmNvbSUyRmVtYmVkJTJGMTM2MjU0JTIyJTIwd2lkdGglM0QlMjIxMDAlMjUlMjIlMjBoZWlnaHQlM0QlMjI2MDBweCUyMiUyMHN0eWxlJTNEJTIyYm9yZGVyJTNBbm9uZSUzQiUyMiUzRSUzQyUyRmlmcmFtZSUzRQ==&#8220;][\/vc_column][vc_column width=&#8220;1\/2&#8243; el_class=&#8220;column-padding tablet-padding-top&#8220; css=&#8220;.vc_custom_1547559676887{padding-right: 30px !important;padding-left: 30px !important;}&#8220;][vc_column_text css=&#8220;&#8220;]<\/p>\n<h3>Can Sastre Boutique Hotel Ibiza<\/h3>\n<p>Argroturismo Ibiza<\/p>\n<p>&nbsp;<\/p>\n<p><strong>Adresse<br \/>\n<\/strong>Can Sastre<br \/>\nCamino Viejo de San Mateo<br \/>\n07816 San Rafael, Ibiza, Spanien<\/p>\n<p><strong>Telefon<br \/>\n<\/strong>Tel.: <a href=\"tel:0034971417093\">+34 971 417 093<\/a><br \/>\nWhatsApp: +31 625 188 551<\/p>\n<p><strong>E-Mail<br \/>\n<\/strong>Info@cansastre.com[\/vc_column_text][\/vc_column][\/vc_row][vc_row el_class=&#8220;tablet-padding-top&#8220;][vc_column]\t<div class='custom_intro_text no-title'>\n\t\t\t\t<p>\n\t\t\tWir sehen uns auf Ibiza!\t\t<\/p>\n\t<\/div>\n\t[\/vc_column][\/vc_row]<\/p>\n<\/div>","protected":false},"excerpt":{"rendered":"<p>[vc_row full_width=&#8220;stretch_row_content&#8220; el_class=&#8220;in-grid&#8220;][vc_column][\/vc_column][\/vc_row][vc_row full_width=&#8220;stretch_row_content&#8220; el_class=&#8220;in-grid&#8220;][vc_column width=&#8220;5\/12&#8243; el_class=&#8220;column-padding&#8220;][vc_column_text] Reservieren &nbsp; Pr\u00fcfen Sie die Verf\u00fcgbarkeit Ihrer Wunschunterkunft und buchen Sie Ihren Aufenthalt [&hellip;]<\/p>\n","protected":false},"author":1,"featured_media":0,"parent":0,"menu_order":7,"comment_status":"closed","ping_status":"closed","template":"","meta":{"_acf_changed":false,"footnotes":""},"class_list":["post-13871","page","type-page","status-publish","hentry"],"acf":[],"yoast_head":"<!-- This site is optimized with the Yoast SEO plugin v27.3 - https:\/\/yoast.com\/product\/yoast-seo-wordpress\/ -->\n<title>Kontakt - Can Sastre Boutique-Hotel Ibiza<\/title>\n<meta name=\"description\" content=\"Kontaktieren Sie uns f\u00fcr weitere Informationen zum Boutique-Hotel Can Sastre auf Ibiza. Rufen Sie +34 971 417 093 an oder senden Sie eine E-Mail an info@cansastre.com.\" \/>\n<meta name=\"robots\" content=\"index, follow, max-snippet:-1, max-image-preview:large, max-video-preview:-1\" \/>\n<link rel=\"canonical\" href=\"https:\/\/www.cansastre.com\/de\/kontakt\/\" \/>\n<meta property=\"og:locale\" content=\"de_DE\" \/>\n<meta property=\"og:type\" content=\"article\" \/>\n<meta property=\"og:title\" content=\"Kontakt - Can Sastre Boutique-Hotel Ibiza\" \/>\n<meta property=\"og:description\" content=\"Kontaktieren Sie uns f\u00fcr weitere Informationen zum Boutique-Hotel Can Sastre auf Ibiza. Rufen Sie +34 971 417 093 an oder senden Sie eine E-Mail an info@cansastre.com.\" \/>\n<meta property=\"og:url\" content=\"https:\/\/www.cansastre.com\/de\/kontakt\/\" \/>\n<meta property=\"og:site_name\" content=\"Hotel Ibiza Can Sastre\" \/>\n<meta property=\"article:modified_time\" content=\"2026-03-23T11:36:12+00:00\" \/>\n<meta name=\"twitter:card\" content=\"summary_large_image\" \/>\n<meta name=\"twitter:label1\" content=\"Gesch\u00e4tzte Lesezeit\" \/>\n\t<meta name=\"twitter:data1\" content=\"1\u00a0Minute\" \/>\n<script type=\"application\/ld+json\" class=\"yoast-schema-graph\">{\"@context\":\"https:\\\/\\\/schema.org\",\"@graph\":[{\"@type\":\"WebPage\",\"@id\":\"https:\\\/\\\/www.cansastre.com\\\/de\\\/kontakt\\\/\",\"url\":\"https:\\\/\\\/www.cansastre.com\\\/de\\\/kontakt\\\/\",\"name\":\"Kontakt - Can Sastre Boutique-Hotel Ibiza\",\"isPartOf\":{\"@id\":\"https:\\\/\\\/www.cansastre.com\\\/de\\\/#website\"},\"datePublished\":\"2024-05-02T11:34:42+00:00\",\"dateModified\":\"2026-03-23T11:36:12+00:00\",\"description\":\"Kontaktieren Sie uns f\u00fcr weitere Informationen zum Boutique-Hotel Can Sastre auf Ibiza. Rufen Sie +34 971 417 093 an oder senden Sie eine E-Mail an info@cansastre.com.\",\"breadcrumb\":{\"@id\":\"https:\\\/\\\/www.cansastre.com\\\/de\\\/kontakt\\\/#breadcrumb\"},\"inLanguage\":\"de\",\"potentialAction\":[{\"@type\":\"ReadAction\",\"target\":[\"https:\\\/\\\/www.cansastre.com\\\/de\\\/kontakt\\\/\"]}]},{\"@type\":\"BreadcrumbList\",\"@id\":\"https:\\\/\\\/www.cansastre.com\\\/de\\\/kontakt\\\/#breadcrumb\",\"itemListElement\":[{\"@type\":\"ListItem\",\"position\":1,\"name\":\"Home\",\"item\":\"https:\\\/\\\/www.cansastre.com\\\/de\\\/\"},{\"@type\":\"ListItem\",\"position\":2,\"name\":\"Kontakt\"}]},{\"@type\":\"WebSite\",\"@id\":\"https:\\\/\\\/www.cansastre.com\\\/de\\\/#website\",\"url\":\"https:\\\/\\\/www.cansastre.com\\\/de\\\/\",\"name\":\"Hotel Ibiza Can Sastre\",\"description\":\"\",\"potentialAction\":[{\"@type\":\"SearchAction\",\"target\":{\"@type\":\"EntryPoint\",\"urlTemplate\":\"https:\\\/\\\/www.cansastre.com\\\/de\\\/?s={search_term_string}\"},\"query-input\":{\"@type\":\"PropertyValueSpecification\",\"valueRequired\":true,\"valueName\":\"search_term_string\"}}],\"inLanguage\":\"de\"}]}<\/script>\n<!-- \/ Yoast SEO plugin. -->","yoast_head_json":{"title":"Kontakt - Can Sastre Boutique-Hotel Ibiza","description":"Kontaktieren Sie uns f\u00fcr weitere Informationen zum Boutique-Hotel Can Sastre auf Ibiza. Rufen Sie +34 971 417 093 an oder senden Sie eine E-Mail an info@cansastre.com.","robots":{"index":"index","follow":"follow","max-snippet":"max-snippet:-1","max-image-preview":"max-image-preview:large","max-video-preview":"max-video-preview:-1"},"canonical":"https:\/\/www.cansastre.com\/de\/kontakt\/","og_locale":"de_DE","og_type":"article","og_title":"Kontakt - Can Sastre Boutique-Hotel Ibiza","og_description":"Kontaktieren Sie uns f\u00fcr weitere Informationen zum Boutique-Hotel Can Sastre auf Ibiza. Rufen Sie +34 971 417 093 an oder senden Sie eine E-Mail an info@cansastre.com.","og_url":"https:\/\/www.cansastre.com\/de\/kontakt\/","og_site_name":"Hotel Ibiza Can Sastre","article_modified_time":"2026-03-23T11:36:12+00:00","twitter_card":"summary_large_image","twitter_misc":{"Gesch\u00e4tzte Lesezeit":"1\u00a0Minute"},"schema":{"@context":"https:\/\/schema.org","@graph":[{"@type":"WebPage","@id":"https:\/\/www.cansastre.com\/de\/kontakt\/","url":"https:\/\/www.cansastre.com\/de\/kontakt\/","name":"Kontakt - Can Sastre Boutique-Hotel Ibiza","isPartOf":{"@id":"https:\/\/www.cansastre.com\/de\/#website"},"datePublished":"2024-05-02T11:34:42+00:00","dateModified":"2026-03-23T11:36:12+00:00","description":"Kontaktieren Sie uns f\u00fcr weitere Informationen zum Boutique-Hotel Can Sastre auf Ibiza. Rufen Sie +34 971 417 093 an oder senden Sie eine E-Mail an info@cansastre.com.","breadcrumb":{"@id":"https:\/\/www.cansastre.com\/de\/kontakt\/#breadcrumb"},"inLanguage":"de","potentialAction":[{"@type":"ReadAction","target":["https:\/\/www.cansastre.com\/de\/kontakt\/"]}]},{"@type":"BreadcrumbList","@id":"https:\/\/www.cansastre.com\/de\/kontakt\/#breadcrumb","itemListElement":[{"@type":"ListItem","position":1,"name":"Home","item":"https:\/\/www.cansastre.com\/de\/"},{"@type":"ListItem","position":2,"name":"Kontakt"}]},{"@type":"WebSite","@id":"https:\/\/www.cansastre.com\/de\/#website","url":"https:\/\/www.cansastre.com\/de\/","name":"Hotel Ibiza Can Sastre","description":"","potentialAction":[{"@type":"SearchAction","target":{"@type":"EntryPoint","urlTemplate":"https:\/\/www.cansastre.com\/de\/?s={search_term_string}"},"query-input":{"@type":"PropertyValueSpecification","valueRequired":true,"valueName":"search_term_string"}}],"inLanguage":"de"}]}},"_links":{"self":[{"href":"https:\/\/www.cansastre.com\/de\/wp-json\/wp\/v2\/pages\/13871","targetHints":{"allow":["GET"]}}],"collection":[{"href":"https:\/\/www.cansastre.com\/de\/wp-json\/wp\/v2\/pages"}],"about":[{"href":"https:\/\/www.cansastre.com\/de\/wp-json\/wp\/v2\/types\/page"}],"author":[{"embeddable":true,"href":"https:\/\/www.cansastre.com\/de\/wp-json\/wp\/v2\/users\/1"}],"replies":[{"embeddable":true,"href":"https:\/\/www.cansastre.com\/de\/wp-json\/wp\/v2\/comments?post=13871"}],"version-history":[{"count":5,"href":"https:\/\/www.cansastre.com\/de\/wp-json\/wp\/v2\/pages\/13871\/revisions"}],"predecessor-version":[{"id":18444,"href":"https:\/\/www.cansastre.com\/de\/wp-json\/wp\/v2\/pages\/13871\/revisions\/18444"}],"wp:attachment":[{"href":"https:\/\/www.cansastre.com\/de\/wp-json\/wp\/v2\/media?parent=13871"}],"curies":[{"name":"wp","href":"https:\/\/api.w.org\/{rel}","templated":true}]}}