{"id":13882,"date":"2024-05-02T13:36:06","date_gmt":"2024-05-02T11:36:06","guid":{"rendered":"https:\/\/www.cansastre.com\/cookie-erklarung\/"},"modified":"2024-05-02T13:36:08","modified_gmt":"2024-05-02T11:36:08","slug":"cookie-erklarung","status":"publish","type":"page","link":"https:\/\/www.cansastre.com\/de\/cookie-erklarung\/","title":{"rendered":"Cookie-Erkl\u00e4rung"},"content":{"rendered":"<div class=\"wpb-content-wrapper\"><p>[vc_row el_class=&#8220;in-grid&#8220; css=&#8220;.vc_custom_1542268055711{margin-top: 100px !important;margin-bottom: 100px !important;}&#8220;][vc_column width=&#8220;1\/6&#8243;][\/vc_column][vc_column width=&#8220;2\/3&#8243;][vc_column_text]Dies ist die Cookie-Richtlinie f\u00fcr Can Sastre, zug\u00e4nglich unter www.cansastre.com<\/p>\n<p>&nbsp;<\/p>\n<h2>Was sind Cookies?<\/h2>\n<p>Wie bei fast allen professionellen Websites \u00fcblich, verwendet diese Website Cookies, kleine Dateien, die auf Ihren Computer heruntergeladen werden, um Ihr Erlebnis zu verbessern. Auf dieser Seite wird beschrieben, welche Informationen sie sammeln, wie wir sie verwenden und warum wir diese Cookies manchmal speichern m\u00fcssen. Wir erkl\u00e4ren Ihnen auch, wie Sie die Speicherung dieser Cookies verhindern k\u00f6nnen. Dies kann jedoch zu einer Beeintr\u00e4chtigung oder \u201eBeeintr\u00e4chtigung\u201c bestimmter Elemente der Website-Funktionalit\u00e4t f\u00fchren.<\/p>\n<p>Weitere allgemeine Informationen zu Cookies finden Sie im Wikipedia-Artikel zu HTTP-Cookies.<\/p>\n<p>&nbsp;<\/p>\n<h2>Wie wir Cookies verwenden<\/h2>\n<p>Wir verwenden Cookies aus verschiedenen Gr\u00fcnden, die im Folgenden erl\u00e4utert werden. Leider gibt es in den meisten F\u00e4llen keine branchen\u00fcblichen Optionen zum Deaktivieren von Cookies, ohne die Funktionalit\u00e4t und Features, die sie dieser Website hinzuf\u00fcgen, vollst\u00e4ndig zu deaktivieren. Es wird empfohlen, alle Cookies aktiviert zu lassen, wenn Sie nicht sicher sind, ob Sie sie ben\u00f6tigen oder nicht, falls sie zur Bereitstellung eines von Ihnen genutzten Dienstes verwendet werden.<\/p>\n<p>&nbsp;<\/p>\n<h2>Cookies deaktivieren<\/h2>\n<p>Sie k\u00f6nnen das Setzen von Cookies verhindern, indem Sie die Einstellungen in Ihrem Browser anpassen (Informationen dazu finden Sie in der Hilfe Ihres Browsers). Beachten Sie, dass die Deaktivierung von Cookies die Funktionalit\u00e4t dieser und vieler anderer von Ihnen besuchter Websites beeintr\u00e4chtigt. Das Deaktivieren von Cookies f\u00fchrt normalerweise dazu, dass auch bestimmte Funktionen und Features dieser Website deaktiviert werden. Daher wird empfohlen, Cookies nicht zu deaktivieren.<\/p>\n<p>&nbsp;<\/p>\n<h2>Die von uns gesetzten Cookies<\/h2>\n<p>&nbsp;<\/p>\n<h4>Allgemeine Cookies<\/h4>\n<table class=\"alignleft\">\n<tbody>\n<tr>\n<th>Name<\/th>\n<th>Beschreibung<\/th>\n<\/tr>\n<tr>\n<td>wordpress_*, wp-*<\/td>\n<td>Diese Cookies werden vom WordPress-CMS platziert und z. B. verwendet, um zu \u00fcberpr\u00fcfen, ob Sie bei cansastre.nl angemeldet sind.<\/td>\n<\/tr>\n<tr>\n<td>_utm*, NID<\/td>\n<td>Wir verwenden Google Analytics auf dieser Website. Dieses Cookie hilft uns beispielsweise dabei, zu verfolgen, wie viele Personen die Website besuchen. Diese Informationen werden auch an Google weitergegeben.<\/td>\n<\/tr>\n<tr>\n<td>ARRAffinit\u00e4t<\/td>\n<td>Auf der Kontaktseite verwenden wir eine spezielle farbige Installation von Google Maps. Dieses Cookie hilft uns, diesen speziellen Stil zu erm\u00f6glichen.<\/td>\n<\/tr>\n<\/tbody>\n<\/table>\n<p>&nbsp;<\/p>\n<h2><\/h2>\n<p>&nbsp;<\/p>\n<h4><\/h4>\n<h4><\/h4>\n<h4>E-Mail-Newsletter-bezogene Cookies<\/h4>\n<p>Diese Website bietet Newsletter- oder E-Mail-Abonnementdienste an und Cookies k\u00f6nnen verwendet werden, um sich zu merken, ob Sie bereits registriert sind und ob bestimmte Benachrichtigungen angezeigt werden sollen, die m\u00f6glicherweise nur f\u00fcr abonnierte\/abgemeldete Benutzer g\u00fcltig sind.<\/p>\n<p>&nbsp;<\/p>\n<h4>Cookies f\u00fcr Website-Einstellungen<\/h4>\n<p>Um Ihnen ein gro\u00dfartiges Erlebnis auf dieser Website zu bieten, bieten wir die M\u00f6glichkeit, Ihre Pr\u00e4ferenzen f\u00fcr die Funktionsweise dieser Website festzulegen, wenn Sie sie nutzen. Um Ihre Pr\u00e4ferenzen zu speichern, m\u00fcssen wir Cookies setzen, damit diese Informationen immer dann abgerufen werden k\u00f6nnen, wenn Sie mit einer Seite interagieren, die von Ihren Pr\u00e4ferenzen betroffen ist.<\/p>\n<p>&nbsp;<\/p>\n<h4>Cookies von Drittanbietern<\/h4>\n<p>In einigen Sonderf\u00e4llen verwenden wir auch Cookies von vertrauensw\u00fcrdigen Dritten. Im folgenden Abschnitt erfahren Sie, auf welche Cookies von Drittanbietern Sie auf dieser Website sto\u00dfen k\u00f6nnten.<\/p>\n<p>&nbsp;<\/p>\n<h5>Google Analytics<\/h5>\n<p>Diese Website verwendet Google Analytics, eine der am weitesten verbreiteten und vertrauensw\u00fcrdigsten Analysel\u00f6sungen im Internet, die uns hilft zu verstehen, wie Sie die Website nutzen und wie wir Ihr Erlebnis verbessern k\u00f6nnen. Diese Cookies k\u00f6nnen beispielsweise erfassen, wie lange Sie auf der Website verbringen und welche Seiten Sie besuchen, damit wir weiterhin ansprechende Inhalte erstellen k\u00f6nnen.<\/p>\n<p>Weitere Informationen zu Google Analytics-Cookies finden Sie auf der offiziellen Google Analytics-Seite.<\/p>\n<p>Von Zeit zu Zeit testen wir neue Funktionen und nehmen geringf\u00fcgige \u00c4nderungen an der Art und Weise vor, wie die Website bereitgestellt wird. Wenn wir noch neue Funktionen testen, k\u00f6nnen diese Cookies verwendet werden, um sicherzustellen, dass Sie auf der Website ein einheitliches Erlebnis haben und gleichzeitig sicherstellen, dass wir verstehen, welche Optimierungen unsere Benutzer am meisten sch\u00e4tzen.<\/p>\n<p>Da wir Hotelbuchungen verkaufen, ist es f\u00fcr uns wichtig, Statistiken dar\u00fcber zu verstehen, wie viele Besucher unserer Website tats\u00e4chlich einen Kauf t\u00e4tigen. Daher werden diese Daten von diesen Cookies erfasst. Dies ist f\u00fcr Sie wichtig, da wir so genaue Gesch\u00e4ftsvorhersagen treffen k\u00f6nnen, die es uns erm\u00f6glichen, unsere Werbe- und Produktkosten zu \u00fcberwachen, um den bestm\u00f6glichen Preis sicherzustellen.<\/p>\n<p>&nbsp;<\/p>\n<h5>Google Ads<\/h5>\n<p>Der Google AdSense-Dienst, den wir zur Schaltung von Werbung verwenden, verwendet ein DoubleClick-Cookie, um relevantere Anzeigen im gesamten Web zu schalten und die H\u00e4ufigkeit zu begrenzen, mit der Ihnen eine bestimmte Anzeige angezeigt wird.<\/p>\n<p>Weitere Informationen zu Google AdSense finden Sie in den offiziellen FAQ zum Datenschutz von Google AdSense.<\/p>\n<p>&nbsp;<\/p>\n<h5>Facebook\/Instagram<\/h5>\n<p>Wir verwenden ein Cookie namens \u201eFacebook-Pixel\u201c, um Ihnen Werbung \u00fcber Facebook und Instagram anzuzeigen. Wir verwenden die Cookies auch f\u00fcr Funktionen wie Zielgruppen, Conversions, Targeting und Optimierung sowie Facebook Analytics-Daten.<\/p>\n<p>Weitere Informationen zu Facebook und den DSGVO-Bestimmungen finden Sie <a href=\"https:\/\/www.facebook.com\/business\/gdpr\">hier<\/a>.<\/p>\n<p>&nbsp;<\/p>\n<h4>Werbung<\/h4>\n<p>Wir gebrauchen[\/vc_column_text][\/vc_column][vc_column width=&#8220;1\/6&#8243;][\/vc_column][\/vc_row]<\/p>\n<\/div>","protected":false},"excerpt":{"rendered":"<p>[vc_row el_class=&#8220;in-grid&#8220; css=&#8220;.vc_custom_1542268055711{margin-top: 100px !important;margin-bottom: 100px !important;}&#8220;][vc_column width=&#8220;1\/6&#8243;][\/vc_column][vc_column width=&#8220;2\/3&#8243;][vc_column_text]Dies ist die Cookie-Richtlinie f\u00fcr Can Sastre, zug\u00e4nglich unter www.cansastre.com &nbsp; Was [&hellip;]<\/p>\n","protected":false},"author":1,"featured_media":0,"parent":0,"menu_order":9,"comment_status":"closed","ping_status":"closed","template":"","meta":{"_acf_changed":false,"footnotes":""},"class_list":["post-13882","page","type-page","status-publish","hentry"],"acf":[],"yoast_head":"<!-- This site is optimized with the Yoast SEO plugin v27.3 - https:\/\/yoast.com\/product\/yoast-seo-wordpress\/ -->\n<title>Cookie-Erkl\u00e4rung - Hotel Ibiza Can Sastre<\/title>\n<meta name=\"robots\" content=\"index, follow, max-snippet:-1, max-image-preview:large, max-video-preview:-1\" \/>\n<link rel=\"canonical\" href=\"https:\/\/www.cansastre.com\/de\/cookie-erklarung\/\" \/>\n<meta property=\"og:locale\" content=\"de_DE\" \/>\n<meta property=\"og:type\" content=\"article\" \/>\n<meta property=\"og:title\" content=\"Cookie-Erkl\u00e4rung - Hotel Ibiza Can Sastre\" \/>\n<meta property=\"og:description\" content=\"[vc_row el_class=&#8220;in-grid&#8220; css=&#8220;.vc_custom_1542268055711{margin-top: 100px !important;margin-bottom: 100px !important;}&#8220;][vc_column width=&#8220;1\/6&#8243;][\/vc_column][vc_column width=&#8220;2\/3&#8243;][vc_column_text]Dies ist die Cookie-Richtlinie f\u00fcr Can Sastre, zug\u00e4nglich unter www.cansastre.com &nbsp; Was [&hellip;]\" \/>\n<meta property=\"og:url\" content=\"https:\/\/www.cansastre.com\/de\/cookie-erklarung\/\" \/>\n<meta property=\"og:site_name\" content=\"Hotel Ibiza Can Sastre\" \/>\n<meta property=\"article:modified_time\" content=\"2024-05-02T11:36:08+00:00\" \/>\n<meta name=\"twitter:card\" content=\"summary_large_image\" \/>\n<meta name=\"twitter:label1\" content=\"Gesch\u00e4tzte Lesezeit\" \/>\n\t<meta name=\"twitter:data1\" content=\"4\u00a0Minuten\" \/>\n<script type=\"application\/ld+json\" class=\"yoast-schema-graph\">{\"@context\":\"https:\\\/\\\/schema.org\",\"@graph\":[{\"@type\":\"WebPage\",\"@id\":\"https:\\\/\\\/www.cansastre.com\\\/de\\\/cookie-erklarung\\\/\",\"url\":\"https:\\\/\\\/www.cansastre.com\\\/de\\\/cookie-erklarung\\\/\",\"name\":\"Cookie-Erkl\u00e4rung - Hotel Ibiza Can Sastre\",\"isPartOf\":{\"@id\":\"https:\\\/\\\/www.cansastre.com\\\/de\\\/#website\"},\"datePublished\":\"2024-05-02T11:36:06+00:00\",\"dateModified\":\"2024-05-02T11:36:08+00:00\",\"breadcrumb\":{\"@id\":\"https:\\\/\\\/www.cansastre.com\\\/de\\\/cookie-erklarung\\\/#breadcrumb\"},\"inLanguage\":\"de\",\"potentialAction\":[{\"@type\":\"ReadAction\",\"target\":[\"https:\\\/\\\/www.cansastre.com\\\/de\\\/cookie-erklarung\\\/\"]}]},{\"@type\":\"BreadcrumbList\",\"@id\":\"https:\\\/\\\/www.cansastre.com\\\/de\\\/cookie-erklarung\\\/#breadcrumb\",\"itemListElement\":[{\"@type\":\"ListItem\",\"position\":1,\"name\":\"Home\",\"item\":\"https:\\\/\\\/www.cansastre.com\\\/de\\\/\"},{\"@type\":\"ListItem\",\"position\":2,\"name\":\"Cookie-Erkl\u00e4rung\"}]},{\"@type\":\"WebSite\",\"@id\":\"https:\\\/\\\/www.cansastre.com\\\/de\\\/#website\",\"url\":\"https:\\\/\\\/www.cansastre.com\\\/de\\\/\",\"name\":\"Hotel Ibiza Can Sastre\",\"description\":\"\",\"potentialAction\":[{\"@type\":\"SearchAction\",\"target\":{\"@type\":\"EntryPoint\",\"urlTemplate\":\"https:\\\/\\\/www.cansastre.com\\\/de\\\/?s={search_term_string}\"},\"query-input\":{\"@type\":\"PropertyValueSpecification\",\"valueRequired\":true,\"valueName\":\"search_term_string\"}}],\"inLanguage\":\"de\"}]}<\/script>\n<!-- \/ Yoast SEO plugin. -->","yoast_head_json":{"title":"Cookie-Erkl\u00e4rung - Hotel Ibiza Can Sastre","robots":{"index":"index","follow":"follow","max-snippet":"max-snippet:-1","max-image-preview":"max-image-preview:large","max-video-preview":"max-video-preview:-1"},"canonical":"https:\/\/www.cansastre.com\/de\/cookie-erklarung\/","og_locale":"de_DE","og_type":"article","og_title":"Cookie-Erkl\u00e4rung - Hotel Ibiza Can Sastre","og_description":"[vc_row el_class=&#8220;in-grid&#8220; css=&#8220;.vc_custom_1542268055711{margin-top: 100px !important;margin-bottom: 100px !important;}&#8220;][vc_column width=&#8220;1\/6&#8243;][\/vc_column][vc_column width=&#8220;2\/3&#8243;][vc_column_text]Dies ist die Cookie-Richtlinie f\u00fcr Can Sastre, zug\u00e4nglich unter www.cansastre.com &nbsp; Was [&hellip;]","og_url":"https:\/\/www.cansastre.com\/de\/cookie-erklarung\/","og_site_name":"Hotel Ibiza Can Sastre","article_modified_time":"2024-05-02T11:36:08+00:00","twitter_card":"summary_large_image","twitter_misc":{"Gesch\u00e4tzte Lesezeit":"4\u00a0Minuten"},"schema":{"@context":"https:\/\/schema.org","@graph":[{"@type":"WebPage","@id":"https:\/\/www.cansastre.com\/de\/cookie-erklarung\/","url":"https:\/\/www.cansastre.com\/de\/cookie-erklarung\/","name":"Cookie-Erkl\u00e4rung - Hotel Ibiza Can Sastre","isPartOf":{"@id":"https:\/\/www.cansastre.com\/de\/#website"},"datePublished":"2024-05-02T11:36:06+00:00","dateModified":"2024-05-02T11:36:08+00:00","breadcrumb":{"@id":"https:\/\/www.cansastre.com\/de\/cookie-erklarung\/#breadcrumb"},"inLanguage":"de","potentialAction":[{"@type":"ReadAction","target":["https:\/\/www.cansastre.com\/de\/cookie-erklarung\/"]}]},{"@type":"BreadcrumbList","@id":"https:\/\/www.cansastre.com\/de\/cookie-erklarung\/#breadcrumb","itemListElement":[{"@type":"ListItem","position":1,"name":"Home","item":"https:\/\/www.cansastre.com\/de\/"},{"@type":"ListItem","position":2,"name":"Cookie-Erkl\u00e4rung"}]},{"@type":"WebSite","@id":"https:\/\/www.cansastre.com\/de\/#website","url":"https:\/\/www.cansastre.com\/de\/","name":"Hotel Ibiza Can Sastre","description":"","potentialAction":[{"@type":"SearchAction","target":{"@type":"EntryPoint","urlTemplate":"https:\/\/www.cansastre.com\/de\/?s={search_term_string}"},"query-input":{"@type":"PropertyValueSpecification","valueRequired":true,"valueName":"search_term_string"}}],"inLanguage":"de"}]}},"_links":{"self":[{"href":"https:\/\/www.cansastre.com\/de\/wp-json\/wp\/v2\/pages\/13882","targetHints":{"allow":["GET"]}}],"collection":[{"href":"https:\/\/www.cansastre.com\/de\/wp-json\/wp\/v2\/pages"}],"about":[{"href":"https:\/\/www.cansastre.com\/de\/wp-json\/wp\/v2\/types\/page"}],"author":[{"embeddable":true,"href":"https:\/\/www.cansastre.com\/de\/wp-json\/wp\/v2\/users\/1"}],"replies":[{"embeddable":true,"href":"https:\/\/www.cansastre.com\/de\/wp-json\/wp\/v2\/comments?post=13882"}],"version-history":[{"count":2,"href":"https:\/\/www.cansastre.com\/de\/wp-json\/wp\/v2\/pages\/13882\/revisions"}],"predecessor-version":[{"id":13884,"href":"https:\/\/www.cansastre.com\/de\/wp-json\/wp\/v2\/pages\/13882\/revisions\/13884"}],"wp:attachment":[{"href":"https:\/\/www.cansastre.com\/de\/wp-json\/wp\/v2\/media?parent=13882"}],"curies":[{"name":"wp","href":"https:\/\/api.w.org\/{rel}","templated":true}]}}